{"id":1667,"date":"2021-08-19T17:44:14","date_gmt":"2021-08-19T17:44:14","guid":{"rendered":"https:\/\/motorcycle.rocks\/modes-de-paiement\/"},"modified":"2021-08-19T17:44:14","modified_gmt":"2021-08-19T17:44:14","slug":"modes-de-paiement","status":"publish","type":"page","link":"https:\/\/preferafinance.com\/fr\/modes-de-paiement\/","title":{"rendered":"Modes de paiement"},"content":{"rendered":"\t\t<div data-elementor-type=\"wp-page\" data-elementor-id=\"1667\" class=\"elementor elementor-1667 elementor-475\" data-elementor-post-type=\"page\">\n\t\t\t\t\t\t<section class=\"elementor-section elementor-top-section elementor-element elementor-element-177a2be2 elementor-section-boxed elementor-section-height-default elementor-section-height-default\" data-id=\"177a2be2\" data-element_type=\"section\" data-e-type=\"section\" data-settings=\"{&quot;jet_parallax_layout_list&quot;:[{&quot;jet_parallax_layout_image&quot;:{&quot;url&quot;:&quot;&quot;,&quot;id&quot;:&quot;&quot;,&quot;size&quot;:&quot;&quot;},&quot;_id&quot;:&quot;5275796&quot;,&quot;jet_parallax_layout_image_tablet&quot;:{&quot;url&quot;:&quot;&quot;,&quot;id&quot;:&quot;&quot;,&quot;size&quot;:&quot;&quot;},&quot;jet_parallax_layout_image_mobile&quot;:{&quot;url&quot;:&quot;&quot;,&quot;id&quot;:&quot;&quot;,&quot;size&quot;:&quot;&quot;},&quot;jet_parallax_layout_speed&quot;:{&quot;unit&quot;:&quot;%&quot;,&quot;size&quot;:50,&quot;sizes&quot;:[]},&quot;jet_parallax_layout_type&quot;:&quot;scroll&quot;,&quot;jet_parallax_layout_direction&quot;:&quot;1&quot;,&quot;jet_parallax_layout_fx_direction&quot;:null,&quot;jet_parallax_layout_z_index&quot;:&quot;&quot;,&quot;jet_parallax_layout_bg_x&quot;:50,&quot;jet_parallax_layout_bg_x_tablet&quot;:&quot;&quot;,&quot;jet_parallax_layout_bg_x_mobile&quot;:&quot;&quot;,&quot;jet_parallax_layout_bg_y&quot;:50,&quot;jet_parallax_layout_bg_y_tablet&quot;:&quot;&quot;,&quot;jet_parallax_layout_bg_y_mobile&quot;:&quot;&quot;,&quot;jet_parallax_layout_bg_size&quot;:&quot;auto&quot;,&quot;jet_parallax_layout_bg_size_tablet&quot;:&quot;&quot;,&quot;jet_parallax_layout_bg_size_mobile&quot;:&quot;&quot;,&quot;jet_parallax_layout_animation_prop&quot;:&quot;transform&quot;,&quot;jet_parallax_layout_on&quot;:[&quot;desktop&quot;,&quot;tablet&quot;]}]}\">\n\t\t\t\t\t\t<div class=\"elementor-container elementor-column-gap-default\">\n\t\t\t\t\t<div class=\"elementor-column elementor-col-100 elementor-top-column elementor-element elementor-element-4060dcdf\" data-id=\"4060dcdf\" data-element_type=\"column\" data-e-type=\"column\">\n\t\t\t<div class=\"elementor-widget-wrap elementor-element-populated\">\n\t\t\t\t\t\t<div class=\"elementor-element elementor-element-61a0ed28 elementor-widget elementor-widget-text-editor\" data-id=\"61a0ed28\" data-element_type=\"widget\" data-e-type=\"widget\" data-widget_type=\"text-editor.default\">\n\t\t\t\t<div class=\"elementor-widget-container\">\n\t\t\t\t\t\t\t\t\t<h1>Modes de paiement<\/h1>\n<p>Il existe de nombreuses fa\u00e7ons de rembourser un pr\u00eat.<\/p>\n<p><strong>D\u00e9bit pr\u00e9autoris\u00e9 (DPA)<\/strong> &#8211; Tous les paiements r\u00e9guliers doivent \u00eatre effectu\u00e9s par DPA conform\u00e9ment aux conditions de votre accord avec nous. Le paiement est automatiquement d\u00e9bit\u00e9 de votre compte bancaire sur une base r\u00e9guli\u00e8re selon la fr\u00e9quence de paiement convenue.<\/p>\n<p><strong><u>Autres options<\/u><\/strong><br \/>\n(des frais peuvent s&rsquo;appliquer pour d&rsquo;autres options, comme indiqu\u00e9 dans votre accord avec nous)<\/p>\n<p><strong>Virement Interac<\/strong> &#8211; Le paiement est effectu\u00e9 par courriel \u00e0 partir du site Web de votre institution financi\u00e8re. Veuillez envoyer \u00e0 payment@preferafinance.com et inclure le nom tel qu&rsquo;il appara\u00eet sur votre convention et votre num\u00e9ro de convention dans le coin sup\u00e9rieur droit de la page 1 de votre convention. Veuillez envoyer un e-mail s\u00e9par\u00e9 \u00e0 la m\u00eame adresse e-mail avec le mot de passe.<\/p>\n<p><strong>Services bancaires en ligne<\/strong> &#8211; Le paiement est effectu\u00e9 via le service de paiement de factures de votre institution financi\u00e8re. Le b\u00e9n\u00e9ficiaire est PREFERA FINANCE. Le paiement peut prendre jusqu&rsquo;\u00e0 trois jours ouvrables pour se refl\u00e9ter sur votre compte.<\/p>\n<p><strong>Visa ou Mastercard<\/strong> &#8211; Le paiement des arr\u00e9rages ou des frais impay\u00e9s peut \u00eatre effectu\u00e9 via Visa ou Mastercard &#8211; D\u00e9bit ou Cr\u00e9dit (notez que ce service n&rsquo;est pas disponible pour les paiements r\u00e9guliers). Veuillez vous connecter sous le lien \u00ab\u00a0Effectuer un paiement\u00a0\u00bb ci-dessus ou contactez-nous au 1-844-734-3577 pour faire cet arrangement.<\/p>\n<p><strong>Directement \u00e0 la Banque de Montr\u00e9al<\/strong> Veuillez nous contacter au 1-844-734-3577 pour plus d&rsquo;informations sur ce service et les d\u00e9tails du d\u00e9p\u00f4t. Veuillez nous envoyer le bordereau de d\u00e9p\u00f4t si vous utilisez ce service.<\/p>\n\t\t\t\t\t\t\t\t<\/div>\n\t\t\t\t<\/div>\n\t\t\t\t\t<\/div>\n\t\t<\/div>\n\t\t\t\t\t<\/div>\n\t\t<\/section>\n\t\t\t\t<\/div>\n\t\t","protected":false},"excerpt":{"rendered":"<p>Modes de paiement Il existe de nombreuses fa\u00e7ons de rembourser un pr\u00eat. D\u00e9bit pr\u00e9autoris\u00e9 (DPA) &#8211; Tous les paiements r\u00e9guliers doivent \u00eatre effectu\u00e9s par DPA conform\u00e9ment aux conditions de votre accord avec nous. Le paiement est automatiquement d\u00e9bit\u00e9 de votre compte bancaire sur une base r\u00e9guli\u00e8re selon la fr\u00e9quence de paiement convenue. Autres options (des [&hellip;]<\/p>\n","protected":false},"author":1,"featured_media":0,"parent":0,"menu_order":0,"comment_status":"closed","ping_status":"closed","template":"page-templates\/fullwidth-content.php","meta":{"footnotes":""},"class_list":["post-1667","page","type-page","status-publish","hentry"],"_links":{"self":[{"href":"https:\/\/preferafinance.com\/fr\/wp-json\/wp\/v2\/pages\/1667","targetHints":{"allow":["GET"]}}],"collection":[{"href":"https:\/\/preferafinance.com\/fr\/wp-json\/wp\/v2\/pages"}],"about":[{"href":"https:\/\/preferafinance.com\/fr\/wp-json\/wp\/v2\/types\/page"}],"author":[{"embeddable":true,"href":"https:\/\/preferafinance.com\/fr\/wp-json\/wp\/v2\/users\/1"}],"replies":[{"embeddable":true,"href":"https:\/\/preferafinance.com\/fr\/wp-json\/wp\/v2\/comments?post=1667"}],"version-history":[{"count":1,"href":"https:\/\/preferafinance.com\/fr\/wp-json\/wp\/v2\/pages\/1667\/revisions"}],"predecessor-version":[{"id":1668,"href":"https:\/\/preferafinance.com\/fr\/wp-json\/wp\/v2\/pages\/1667\/revisions\/1668"}],"wp:attachment":[{"href":"https:\/\/preferafinance.com\/fr\/wp-json\/wp\/v2\/media?parent=1667"}],"curies":[{"name":"wp","href":"https:\/\/api.w.org\/{rel}","templated":true}]}}