{"id":1659,"date":"2021-08-19T17:26:39","date_gmt":"2021-08-19T17:26:39","guid":{"rendered":"https:\/\/motorcycle.rocks\/ressources-de-lindustrie\/"},"modified":"2021-08-24T17:19:17","modified_gmt":"2021-08-24T17:19:17","slug":"ressources-de-lindustrie","status":"publish","type":"page","link":"https:\/\/preferafinance.com\/fr\/ressources-de-lindustrie\/","title":{"rendered":"Ressources"},"content":{"rendered":"\t\t<div data-elementor-type=\"wp-page\" data-elementor-id=\"1659\" class=\"elementor elementor-1659 elementor-1350\" data-elementor-post-type=\"page\">\n\t\t\t\t\t\t<section class=\"elementor-section elementor-top-section elementor-element elementor-element-24963a5 elementor-section-boxed elementor-section-height-default elementor-section-height-default\" data-id=\"24963a5\" data-element_type=\"section\" data-e-type=\"section\" data-settings=\"{&quot;jet_parallax_layout_list&quot;:[{&quot;jet_parallax_layout_image&quot;:{&quot;url&quot;:&quot;&quot;,&quot;id&quot;:&quot;&quot;,&quot;size&quot;:&quot;&quot;},&quot;_id&quot;:&quot;7da922b&quot;,&quot;jet_parallax_layout_image_tablet&quot;:{&quot;url&quot;:&quot;&quot;,&quot;id&quot;:&quot;&quot;,&quot;size&quot;:&quot;&quot;},&quot;jet_parallax_layout_image_mobile&quot;:{&quot;url&quot;:&quot;&quot;,&quot;id&quot;:&quot;&quot;,&quot;size&quot;:&quot;&quot;},&quot;jet_parallax_layout_speed&quot;:{&quot;unit&quot;:&quot;%&quot;,&quot;size&quot;:50,&quot;sizes&quot;:[]},&quot;jet_parallax_layout_type&quot;:&quot;scroll&quot;,&quot;jet_parallax_layout_direction&quot;:&quot;1&quot;,&quot;jet_parallax_layout_fx_direction&quot;:null,&quot;jet_parallax_layout_z_index&quot;:&quot;&quot;,&quot;jet_parallax_layout_bg_x&quot;:50,&quot;jet_parallax_layout_bg_x_tablet&quot;:&quot;&quot;,&quot;jet_parallax_layout_bg_x_mobile&quot;:&quot;&quot;,&quot;jet_parallax_layout_bg_y&quot;:50,&quot;jet_parallax_layout_bg_y_tablet&quot;:&quot;&quot;,&quot;jet_parallax_layout_bg_y_mobile&quot;:&quot;&quot;,&quot;jet_parallax_layout_bg_size&quot;:&quot;auto&quot;,&quot;jet_parallax_layout_bg_size_tablet&quot;:&quot;&quot;,&quot;jet_parallax_layout_bg_size_mobile&quot;:&quot;&quot;,&quot;jet_parallax_layout_animation_prop&quot;:&quot;transform&quot;,&quot;jet_parallax_layout_on&quot;:[&quot;desktop&quot;,&quot;tablet&quot;]}]}\">\n\t\t\t\t\t\t<div class=\"elementor-container elementor-column-gap-default\">\n\t\t\t\t\t<div class=\"elementor-column elementor-col-100 elementor-top-column elementor-element elementor-element-e568297\" data-id=\"e568297\" data-element_type=\"column\" data-e-type=\"column\">\n\t\t\t<div class=\"elementor-widget-wrap elementor-element-populated\">\n\t\t\t\t\t\t<div class=\"elementor-element elementor-element-f4e916d elementor-widget elementor-widget-text-editor\" data-id=\"f4e916d\" data-element_type=\"widget\" data-e-type=\"widget\" data-widget_type=\"text-editor.default\">\n\t\t\t\t<div class=\"elementor-widget-container\">\n\t\t\t\t\t\t\t\t\t<p style=\"font-weight: 400;\">Les liens suivants li\u00e9s \u00e0 l&rsquo;industrie sont destin\u00e9s \u00e0 fournir des informations et des ressources impartiales pour aider \u00e0 prendre les d\u00e9cisions les plus \u00e9clair\u00e9es.<\/p>\n<h3 style=\"font-weight: 400;\"><span style=\"color: #0072bc;\"><strong>Bureaux de cr\u00e9dit<\/strong><\/span><\/h3>\n<p style=\"font-weight: 400;\">Toute personne au Canada qui a emprunt\u00e9 de l&rsquo;argent pour acheter une voiture ou une maison, ou qui a demand\u00e9 un pr\u00eat personnel ou une carte de cr\u00e9dit, a un dossier de cr\u00e9dit qui contient un rapport de cr\u00e9dit et une cote de cr\u00e9dit.<\/p>\n<p style=\"font-weight: 400;\">Votre dossier de cr\u00e9dit contient des informations sur toutes vos activit\u00e9s de cr\u00e9dit au cours des sept derni\u00e8res ann\u00e9es &#8211; si vous payez r\u00e9guli\u00e8rement \u00e0 temps, combien vous devez, quelle est votre limite de cr\u00e9dit sur chaque compte et une liste des cr\u00e9anciers autoris\u00e9s qui ont acc\u00e9d\u00e9 \u00e0 votre dossier.<\/p>\n<p style=\"font-weight: 400;\">Votre cote de cr\u00e9dit ou votre score (\u00e9galement appel\u00e9 score Beacon ou FICO) est d\u00e9termin\u00e9 par une formule math\u00e9matique qui traduit les donn\u00e9es du rapport de cr\u00e9dit en un nombre que les pr\u00eateurs utilisent pour prendre des d\u00e9cisions de cr\u00e9dit. Les nombres vont de 300 \u00e0 900, le plus \u00e9lev\u00e9 sera le mieux.<\/p>\n<p style=\"font-weight: 400;\">Vous pouvez acc\u00e9der \u00e0 votre dossier de cr\u00e9dit et \u00e0 votre cote de cr\u00e9dit aupr\u00e8s de chacun des deux bureaux de cr\u00e9dit nationaux au Canada : Equifax Canada et TransUnion Canada.<\/p>\n<p style=\"font-weight: 400;\">Les rapports de cr\u00e9dit sont gratuits s&rsquo;ils sont obtenus par la poste (liens ci-dessous), mais il n&rsquo;y a pas de service gratuit pour acc\u00e9der \u00e0 votre pointage de cr\u00e9dit. Cependant, pour environ 25 $, Equifax et TransUnion offrent un acc\u00e8s en temps r\u00e9el \u00e0 votre cote de cr\u00e9dit et \u00e0 votre rapport de cr\u00e9dit.<\/p>\n<p style=\"font-weight: 400;\"><a href=\"http:\/\/www.consumer.equifax.ca\/home\/en_ca\" data-saferedirecturl=\"https:\/\/www.google.com\/url?q=http:\/\/www.consumer.equifax.ca\/home\/en_ca&amp;source=gmail&amp;ust=1628702845826000&amp;usg=AFQjCNFw3ZynSrSPcKh9u3xEZHKTCccHdA\">Equifax Canada \u2013 Page d&rsquo;accueil<\/a><br \/>\n<a href=\"https:\/\/help-en.equifax.ca\/app\/answers\/detail\/a_id\/300\/\" data-saferedirecturl=\"https:\/\/www.google.com\/url?q=https:\/\/help-en.equifax.ca\/app\/answers\/detail\/a_id\/300\/&amp;source=gmail&amp;ust=1628702845826000&amp;usg=AFQjCNFR7GjWFWGiPCIFXxf6UdjEi9YMwA\">Equifax Canada \u2013 Demande de rapport de cr\u00e9dit gratuit par la poste<\/a><br \/>\n<a href=\"https:\/\/www.transunion.ca\/ca\" data-saferedirecturl=\"https:\/\/www.google.com\/url?q=https:\/\/www.transunion.ca\/ca&amp;source=gmail&amp;ust=1628702845826000&amp;usg=AFQjCNFBJX-D00e9goWQic64c-1weefO-w\">TransUnion Canada \u2013 Page d&rsquo;accueil<\/a><br \/>\n<a href=\"https:\/\/www.transunion.ca\/ca\/personal\/creditreport\/consumerdisclosure\/mail_en.page\" data-saferedirecturl=\"https:\/\/www.google.com\/url?q=https:\/\/www.transunion.ca\/ca\/personal\/creditreport\/consumerdisclosure\/mail_en.page&amp;source=gmail&amp;ust=1628702845826000&amp;usg=AFQjCNFCMQrEmoo-SOF2WK5RsFit6ANoiQ\">TransUnion Canada \u2013 Demande de rapport de cr\u00e9dit gratuit par la poste<\/a><\/p>\n<h3 style=\"font-weight: 400;\"><span style=\"color: #0072bc;\"><strong>\u00a0Associations automobiles<\/strong><\/span><\/h3>\n<p style=\"font-weight: 400;\"><a href=\"http:\/\/www.ucda.ca\/\" data-saferedirecturl=\"https:\/\/www.google.com\/url?q=http:\/\/www.ucda.ca\/&amp;source=gmail&amp;ust=1628702845826000&amp;usg=AFQjCNGLfV5cJz8kkZfWO-SjqMlH4A2M1w\">Used Car Dealers Association of Ontario (UCDA)<\/a><br \/>\nL&rsquo;association \u00e0 but non lucratif UCDA qui aide \u00e0 cultiver une exp\u00e9rience d&rsquo;achat de v\u00e9hicules d&rsquo;occasion \u00e9quitable qui prot\u00e8ge \u00e0 la fois le consommateur et le concessionnaire.<\/p>\n<p style=\"font-weight: 400;\"><a href=\"https:\/\/www.omvic.on.ca\/portal\/\" data-saferedirecturl=\"https:\/\/www.google.com\/url?q=https:\/\/www.omvic.on.ca\/portal\/&amp;source=gmail&amp;ust=1628702845826000&amp;usg=AFQjCNF0iF-zJ5vlF3ZGDjhhnHREvL9_UQ\">Ontario Motor Vehicle Industry Council (OMVIC)<\/a><br \/>\nL&rsquo;OMVIC applique la Motor Vehicle Dealers Act au nom du gouvernement de l&rsquo;Ontario. Leur mandat est de maintenir un march\u00e9 juste et inform\u00e9 en prot\u00e9geant les droits des consommateurs, en am\u00e9liorant le professionnalisme de l&rsquo;industrie et en assurant une concurrence juste, honn\u00eate et ouverte pour les concessionnaires de v\u00e9hicules automobiles enregistr\u00e9s.<\/p>\n<p style=\"font-weight: 400;\"><a href=\"http:\/\/www.mucda.mb.ca\/\" data-saferedirecturl=\"https:\/\/www.google.com\/url?q=http:\/\/www.mucda.mb.ca\/&amp;source=gmail&amp;ust=1628702845826000&amp;usg=AFQjCNGHob02GOwRle7aUKOTc7yg7nbX4Q\">Manitoba Used Car Dealers Association<\/a><br \/>\nLa Manitoba Used Car Dealers Association contribue \u00e0 favoriser une exp\u00e9rience d&rsquo;achat \u00e9quitable de v\u00e9hicules d&rsquo;occasion qui prot\u00e8ge \u00e0 la fois le consommateur et le concessionnaire.<\/p>\n<p style=\"font-weight: 400;\"><a href=\"http:\/\/www.amvic.org\/\" data-saferedirecturl=\"https:\/\/www.google.com\/url?q=http:\/\/www.amvic.org\/&amp;source=gmail&amp;ust=1628702845827000&amp;usg=AFQjCNGCy4OTv4Ys2vAFa1fQjLIY_tKIGg\">Alberta Motor Vehicle Industry Council (AMVIC)<\/a><br \/>\nL&rsquo;Alberta Motor Vehicle Industry Council prot\u00e8ge l&rsquo;int\u00e9r\u00eat public et promeut la confiance dans l&rsquo;industrie automobile gr\u00e2ce \u00e0 une sensibilisation accrue et \u00e0 la promotion d&rsquo;un \u00e9change d&rsquo;informations positif entre les intervenants de l&rsquo;industrie.<\/p>\n<p style=\"font-weight: 400;\"><a href=\"http:\/\/mvsabc.com\/\" data-saferedirecturl=\"https:\/\/www.google.com\/url?q=http:\/\/mvsabc.com\/&amp;source=gmail&amp;ust=1628702845827000&amp;usg=AFQjCNGvHSoPT-ENe8S5QbBlw-Hx6v8Yxg\">The Vehicle Sales Authority of British Columbia (VSA)<\/a><br \/>\nLa Vehicle Sales Authority of British Columbia (VSA) est un organisme de r\u00e9glementation \u00e0 but non lucratif qui veille \u00e0 ce que le public et l&rsquo;industrie soient au courant de leurs droits et obligations lors de l&rsquo;achat et de la vente d&rsquo;un v\u00e9hicule \u00e0 moteur, et pour s&rsquo;assurer que le v\u00e9hicule les transactions sont effectu\u00e9es de mani\u00e8re ouverte et transparente.<\/p>\n<h3 style=\"font-weight: 400;\"><span style=\"color: #0072bc;\"><strong>Ressources gouvernementales<\/strong><\/span><\/h3>\n<p style=\"font-weight: 400;\"><a href=\"http:\/\/www.bbb.org\/\" data-saferedirecturl=\"https:\/\/www.google.com\/url?q=http:\/\/www.bbb.org\/&amp;source=gmail&amp;ust=1628702845827000&amp;usg=AFQjCNH0WXC4arhRjDLamW5Ka5Q5j5aPkA\">The Better Business Bureau (BBB)<\/a><br \/>\nLe Better Business Bureau est une ressource destin\u00e9e aux consommateurs qui aide les gens \u00e0 trouver des entreprises qui s&rsquo;engagent \u00e0 respecter des normes \u00e9lev\u00e9es et en qui elles peuvent avoir confiance. Ils fournissent des informations objectives et impartiales sur les entreprises nationales et locales dont le comportement commercial \u00e9thique est mesur\u00e9 et contr\u00f4l\u00e9 par rapport \u00e0 des normes strictes.<\/p>\n<p style=\"font-weight: 400;\"><a href=\"http:\/\/www.ibc.ca\/on\/\" data-saferedirecturl=\"https:\/\/www.google.com\/url?q=http:\/\/www.ibc.ca\/on\/&amp;source=gmail&amp;ust=1628702845827000&amp;usg=AFQjCNG5AGvAmvDALhyH-Rpp9VB57MR2OQ\">Insurance Bureau of Canada<\/a><br \/>\nLe Bureau d&rsquo;assurance du Canada (BAC) s&rsquo;efforce de mieux faire comprendre aux Canadiens le secteur de l&rsquo;assurance. Ils sont une ressource impartiale qui sont disponibles pour r\u00e9pondre aux questions sur tout ce qui concerne l&rsquo;assurance. Ils offrent un certain nombre de brochures t\u00e9l\u00e9chargeables en ligne sur une vari\u00e9t\u00e9 de sujets, notamment Comprendre l&rsquo;assurance 101, Comment les primes d&rsquo;assurance automobile sont calcul\u00e9es, Comment acheter une assurance et Contr\u00f4le des co\u00fbts.<\/p>\n<p style=\"font-weight: 400;\"><a href=\"http:\/\/www.fcac-acfc.gc.ca\/Eng\/Pages\/home-accueil.aspx\" data-saferedirecturl=\"https:\/\/www.google.com\/url?q=http:\/\/www.fcac-acfc.gc.ca\/Eng\/Pages\/home-accueil.aspx&amp;source=gmail&amp;ust=1628702845827000&amp;usg=AFQjCNExI-1PGhkjEZ9vEZKdYqAFmyILrg\">Financial Consumer Agency of Canada (FCAC)<\/a><br \/>\nAvec du mat\u00e9riel \u00e9ducatif et des outils interactifs, l&rsquo;Agence de la consommation en mati\u00e8re financi\u00e8re du Canada (ACFC) fournit des renseignements objectifs sur les produits et services financiers pour aider les Canadiens \u00e0 accro\u00eetre leurs connaissances financi\u00e8res et leur confiance dans la gestion de leurs finances personnelles. L&rsquo;ACFC informe les consommateurs de leurs droits et responsabilit\u00e9s lorsqu&rsquo;ils traitent avec des banques et des soci\u00e9t\u00e9s de fiducie, de pr\u00eat et d&rsquo;assurance sous r\u00e9glementation f\u00e9d\u00e9rale. L&rsquo;ACFC s&rsquo;assure \u00e9galement que les institutions financi\u00e8res sous r\u00e9glementation f\u00e9d\u00e9rale, les exploitants de r\u00e9seaux de cartes de paiement et les organismes externes de traitement des plaintes se conforment \u00e0 la l\u00e9gislation et aux engagements de l&rsquo;industrie visant \u00e0 prot\u00e9ger les consommateurs.<\/p>\n<h3 style=\"font-weight: 400;\"><span style=\"color: #0072bc;\"><strong>\u00c9valuation des actifs<\/strong><\/span><\/h3>\n<p style=\"font-weight: 400;\">Bon nombre de nos concessionnaires ach\u00e8tent des rapports d&rsquo;historique de v\u00e9hicule pour le v\u00e9hicule d&rsquo;occasion qu&rsquo;ils vendent. Les consommateurs ont \u00e9galement acc\u00e8s \u00e0 ces rapports, et en obtenir un vous permettra d&rsquo;acheter avec un peu plus de confiance. Si votre v\u00e9hicule a un pass\u00e9 sordide, un rapport d&rsquo;historique du v\u00e9hicule le d\u00e9terrera. Que pourrait r\u00e9v\u00e9ler une recherche ? Des choses comme les d\u00e9fauts du titre, les r\u00e9glages incorrects du compteur kilom\u00e9trique, l&rsquo;historique des accidents, les dommages ant\u00e9rieurs, le vol d&rsquo;un v\u00e9hicule et toute autre marque n\u00e9gative contre le v\u00e9hicule qui pourrait vous faire r\u00e9fl\u00e9chir \u00e0 deux fois avant d&rsquo;ouvrir votre portefeuille. <a href=\"https:\/\/www.carproof.com\/order-canadas-top-report\" data-saferedirecturl=\"https:\/\/www.google.com\/url?q=https:\/\/www.carproof.com\/order-canadas-top-report&amp;source=gmail&amp;ust=1628702845827000&amp;usg=AFQjCNGvRu-b-zznzH4Rzgd93ox3tzqsEg\">CarProof<\/a> est une entreprise canadienne fiable qui fournit ces rapports.<\/p>\n<h3 style=\"font-weight: 400;\"><span style=\"color: #0072bc;\"><strong>Association de protection automobile<\/strong><\/span><\/h3>\n<p style=\"font-weight: 400;\"><a href=\"http:\/\/www.canadianblackbook.com\/\" data-saferedirecturl=\"https:\/\/www.google.com\/url?q=http:\/\/www.canadianblackbook.com\/&amp;source=gmail&amp;ust=1628702845827000&amp;usg=AFQjCNF3MVUA86RdGzHvbcbIzF__tYyKMQ\">Canadian Black Book<\/a> est une source de confiance pour les valeurs de voitures d&rsquo;occasion depuis plus de 50 ans. Jusqu&rsquo;\u00e0 r\u00e9cemment, cette information n&rsquo;\u00e9tait disponible que pour les concessionnaires automobiles, mais Canadian Black Book l&rsquo;a maintenant mise \u00e0 la disposition des consommateurs. Visitez leur site pour trouver les valeurs d&rsquo;\u00e9change de v\u00e9hicules, les valeurs futures et le prix moyen demand\u00e9 pour des milliers de v\u00e9hicules.<\/p>\n<p style=\"font-weight: 400;\"><a href=\"http:\/\/www.canadianbluebook.com\/\" data-saferedirecturl=\"https:\/\/www.google.com\/url?q=http:\/\/www.canadianbluebook.com\/&amp;source=gmail&amp;ust=1628702845827000&amp;usg=AFQjCNEwbUP2rSFuJLbFspAvk7tsGRdUtw\">Canadian Blue Book<\/a> est le guide de prix d\u00e9finitif pour les concessionnaires de motos, motoneiges, VTT et motomarines neufs et d&rsquo;occasion.<\/p>\n<h3 style=\"font-weight: 400;\"><span style=\"color: #0072bc;\"><strong>Association de protection automobile<\/strong><\/span><\/h3>\n<p style=\"font-weight: 400;\">L&rsquo; <a href=\"http:\/\/www.apa.ca\/\" data-saferedirecturl=\"https:\/\/www.google.com\/url?q=http:\/\/www.apa.ca\/&amp;source=gmail&amp;ust=1628702845827000&amp;usg=AFQjCNHVxJN2dBLGhEjfexq8hWLBdAx7Fg\">Automobile Protection Association (APA)<\/a> est, \u00e0 d\u00e9faut d&rsquo;un meilleur mot, le \u00ab\u00a0chien de garde\u00a0\u00bb de l&rsquo;industrie automobile. Il s&rsquo;agit d&rsquo;une organisation \u00e0 but non lucratif compos\u00e9e de membres qui se consacre \u00e0 soutenir et \u00e0 promouvoir les int\u00e9r\u00eats des consommateurs sur le march\u00e9. Ils fournissent des informations impartiales sur tout ce qui concerne l&rsquo;automobile &#8211; les prix des v\u00e9hicules neufs et d&rsquo;occasion, des conseils juridiques, des concessionnaires et des ateliers de carrosserie recommand\u00e9s, des services de pr\u00e9-inspection de retour de location et des assurances habitation et automobile de groupe.<\/p>\n\t\t\t\t\t\t\t\t<\/div>\n\t\t\t\t<\/div>\n\t\t\t\t\t<\/div>\n\t\t<\/div>\n\t\t\t\t\t<\/div>\n\t\t<\/section>\n\t\t\t\t<\/div>\n\t\t","protected":false},"excerpt":{"rendered":"<p>Les liens suivants li\u00e9s \u00e0 l&rsquo;industrie sont destin\u00e9s \u00e0 fournir des informations et des ressources impartiales pour aider \u00e0 prendre les d\u00e9cisions les plus \u00e9clair\u00e9es. Bureaux de cr\u00e9dit Toute personne au Canada qui a emprunt\u00e9 de l&rsquo;argent pour acheter une voiture ou une maison, ou qui a demand\u00e9 un pr\u00eat personnel ou une carte de [&hellip;]<\/p>\n","protected":false},"author":1,"featured_media":0,"parent":0,"menu_order":0,"comment_status":"closed","ping_status":"closed","template":"","meta":{"footnotes":""},"class_list":["post-1659","page","type-page","status-publish","hentry"],"_links":{"self":[{"href":"https:\/\/preferafinance.com\/fr\/wp-json\/wp\/v2\/pages\/1659","targetHints":{"allow":["GET"]}}],"collection":[{"href":"https:\/\/preferafinance.com\/fr\/wp-json\/wp\/v2\/pages"}],"about":[{"href":"https:\/\/preferafinance.com\/fr\/wp-json\/wp\/v2\/types\/page"}],"author":[{"embeddable":true,"href":"https:\/\/preferafinance.com\/fr\/wp-json\/wp\/v2\/users\/1"}],"replies":[{"embeddable":true,"href":"https:\/\/preferafinance.com\/fr\/wp-json\/wp\/v2\/comments?post=1659"}],"version-history":[{"count":5,"href":"https:\/\/preferafinance.com\/fr\/wp-json\/wp\/v2\/pages\/1659\/revisions"}],"predecessor-version":[{"id":1739,"href":"https:\/\/preferafinance.com\/fr\/wp-json\/wp\/v2\/pages\/1659\/revisions\/1739"}],"wp:attachment":[{"href":"https:\/\/preferafinance.com\/fr\/wp-json\/wp\/v2\/media?parent=1659"}],"curies":[{"name":"wp","href":"https:\/\/api.w.org\/{rel}","templated":true}]}}