{"id":1651,"date":"2021-08-19T16:57:36","date_gmt":"2021-08-19T16:57:36","guid":{"rendered":"https:\/\/motorcycle.rocks\/questions-frequemment-posees\/"},"modified":"2021-08-28T01:20:51","modified_gmt":"2021-08-28T01:20:51","slug":"questions-frequemment-posees","status":"publish","type":"page","link":"https:\/\/preferafinance.com\/fr\/questions-frequemment-posees\/","title":{"rendered":"F.A.Q"},"content":{"rendered":"\t\t<div data-elementor-type=\"wp-page\" data-elementor-id=\"1651\" class=\"elementor elementor-1651 elementor-1586\" data-elementor-post-type=\"page\">\n\t\t\t\t\t\t<section class=\"elementor-section elementor-top-section elementor-element elementor-element-43bcd03 elementor-section-boxed elementor-section-height-default elementor-section-height-default\" data-id=\"43bcd03\" data-element_type=\"section\" data-e-type=\"section\" data-settings=\"{&quot;jet_parallax_layout_list&quot;:[{&quot;jet_parallax_layout_image&quot;:{&quot;url&quot;:&quot;&quot;,&quot;id&quot;:&quot;&quot;,&quot;size&quot;:&quot;&quot;},&quot;_id&quot;:&quot;c751844&quot;,&quot;jet_parallax_layout_image_tablet&quot;:{&quot;url&quot;:&quot;&quot;,&quot;id&quot;:&quot;&quot;,&quot;size&quot;:&quot;&quot;},&quot;jet_parallax_layout_image_mobile&quot;:{&quot;url&quot;:&quot;&quot;,&quot;id&quot;:&quot;&quot;,&quot;size&quot;:&quot;&quot;},&quot;jet_parallax_layout_speed&quot;:{&quot;unit&quot;:&quot;%&quot;,&quot;size&quot;:50,&quot;sizes&quot;:[]},&quot;jet_parallax_layout_type&quot;:&quot;scroll&quot;,&quot;jet_parallax_layout_direction&quot;:&quot;1&quot;,&quot;jet_parallax_layout_fx_direction&quot;:null,&quot;jet_parallax_layout_z_index&quot;:&quot;&quot;,&quot;jet_parallax_layout_bg_x&quot;:50,&quot;jet_parallax_layout_bg_x_tablet&quot;:&quot;&quot;,&quot;jet_parallax_layout_bg_x_mobile&quot;:&quot;&quot;,&quot;jet_parallax_layout_bg_y&quot;:50,&quot;jet_parallax_layout_bg_y_tablet&quot;:&quot;&quot;,&quot;jet_parallax_layout_bg_y_mobile&quot;:&quot;&quot;,&quot;jet_parallax_layout_bg_size&quot;:&quot;auto&quot;,&quot;jet_parallax_layout_bg_size_tablet&quot;:&quot;&quot;,&quot;jet_parallax_layout_bg_size_mobile&quot;:&quot;&quot;,&quot;jet_parallax_layout_animation_prop&quot;:&quot;transform&quot;,&quot;jet_parallax_layout_on&quot;:[&quot;desktop&quot;,&quot;tablet&quot;]}],&quot;background_background&quot;:&quot;classic&quot;}\">\n\t\t\t\t\t\t<div class=\"elementor-container elementor-column-gap-default\">\n\t\t\t\t\t<div class=\"elementor-column elementor-col-100 elementor-top-column elementor-element elementor-element-e4ec796\" data-id=\"e4ec796\" data-element_type=\"column\" data-e-type=\"column\">\n\t\t\t<div class=\"elementor-widget-wrap elementor-element-populated\">\n\t\t\t\t\t\t<div class=\"elementor-element elementor-element-778d075 elementor-widget elementor-widget-accordion\" data-id=\"778d075\" data-element_type=\"widget\" data-e-type=\"widget\" data-widget_type=\"accordion.default\">\n\t\t\t\t<div class=\"elementor-widget-container\">\n\t\t\t\t\t\t\t<div class=\"elementor-accordion\">\n\t\t\t\t\t\t\t<div class=\"elementor-accordion-item\">\n\t\t\t\t\t<div id=\"elementor-tab-title-1251\" class=\"elementor-tab-title\" data-tab=\"1\" role=\"button\" aria-controls=\"elementor-tab-content-1251\" aria-expanded=\"false\">\n\t\t\t\t\t\t\t\t\t\t\t\t\t<span class=\"elementor-accordion-icon elementor-accordion-icon-left\" aria-hidden=\"true\">\n\t\t\t\t\t\t\t\t\t\t\t\t\t\t\t<span class=\"elementor-accordion-icon-closed\"><i class=\"fas fa-plus\"><\/i><\/span>\n\t\t\t\t\t\t\t\t<span class=\"elementor-accordion-icon-opened\"><i class=\"fas fa-minus\"><\/i><\/span>\n\t\t\t\t\t\t\t\t\t\t\t\t\t\t<\/span>\n\t\t\t\t\t\t\t\t\t\t\t\t<a class=\"elementor-accordion-title\" tabindex=\"0\">Comment effectuer un paiement ?<\/a>\n\t\t\t\t\t<\/div>\n\t\t\t\t\t<div id=\"elementor-tab-content-1251\" class=\"elementor-tab-content elementor-clearfix\" data-tab=\"1\" role=\"region\" aria-labelledby=\"elementor-tab-title-1251\"><p style=\"font-weight: 400;\">Il existe de nombreuses fa\u00e7ons de rembourser un pr\u00eat. Certains n\u00e9cessitent un processus de configuration simple. Appelez-nous simplement au 1-844-734-3577 option 1 ou utilisez les options libre-service sous \u00ab Mon compte \u00bb et nous serons heureux de mettre en place un mode de paiement qui vous convient.<\/p>\n<ul style=\"font-weight: 400;\">\n<li>D\u00e9bit pr\u00e9autoris\u00e9 (DPA) \u2013 Tous les paiements r\u00e9guliers doivent \u00eatre effectu\u00e9s par DPA conform\u00e9ment aux conditions de votre accord avec nous. Le paiement est automatiquement d\u00e9bit\u00e9 de votre compte bancaire sur une base r\u00e9guli\u00e8re selon la fr\u00e9quence de paiement convenue dans le contrat.<\/li>\n<li>Le paiement par Virement Interac est effectu\u00e9 par courriel \u00e0 partir du site Web de votre institution financi\u00e8re. Veuillez envoyer \u00e0\u00a0<a href=\"mailto:payments@preferafinance.com\">payments@preferafinance.com<\/a> et inclure le nom tel qu&rsquo;il appara\u00eet sur votre contrat et le num\u00e9ro de votre contrat dans le coin sup\u00e9rieur droit de la page 1 de votre contrat. Veuillez envoyer un e-mail s\u00e9par\u00e9 \u00e0 la m\u00eame adresse e-mail avec le mot de passe.<\/li>\n<li>Services bancaires par Internet \u2013 Le paiement est effectu\u00e9 via le service de paiement de factures de votre institution financi\u00e8re. Le b\u00e9n\u00e9ficiaire est PREFERA FINANCE. Le paiement peut prendre jusqu&rsquo;\u00e0 trois jours ouvrables pour se refl\u00e9ter sur votre compte.<\/li>\n<li>Visa ou Mastercard &#8211; Le paiement des arri\u00e9r\u00e9s ou des frais impay\u00e9s peut \u00eatre effectu\u00e9 par carte de d\u00e9bit ou de cr\u00e9dit Visa ou Mastercard (notez que ce service n&rsquo;est pas disponible pour les paiements r\u00e9guliers). Veuillez vous connecter \u00e0 \u00ab Mon compte \u00bb ci-dessus et cliquez sur \u00ab Effectuer un paiement \u00bb. Vous pouvez \u00e9galement nous contacter au 1-844-734-3577 option 1 pour prendre cet arrangement.<\/li>\n<li>Directement \u00e0 la Banque de Montr\u00e9al \u2013 Veuillez nous contacter au 1-844-734-3577 option 1 pour plus d&rsquo;informations sur ce service et les d\u00e9tails du d\u00e9p\u00f4t. Veuillez nous envoyer le bordereau de d\u00e9p\u00f4t si vous utilisez ce service.<\/li>\n<\/ul>\n<\/div>\n\t\t\t\t<\/div>\n\t\t\t\t\t\t\t<div class=\"elementor-accordion-item\">\n\t\t\t\t\t<div id=\"elementor-tab-title-1252\" class=\"elementor-tab-title\" data-tab=\"2\" role=\"button\" aria-controls=\"elementor-tab-content-1252\" aria-expanded=\"false\">\n\t\t\t\t\t\t\t\t\t\t\t\t\t<span class=\"elementor-accordion-icon elementor-accordion-icon-left\" aria-hidden=\"true\">\n\t\t\t\t\t\t\t\t\t\t\t\t\t\t\t<span class=\"elementor-accordion-icon-closed\"><i class=\"fas fa-plus\"><\/i><\/span>\n\t\t\t\t\t\t\t\t<span class=\"elementor-accordion-icon-opened\"><i class=\"fas fa-minus\"><\/i><\/span>\n\t\t\t\t\t\t\t\t\t\t\t\t\t\t<\/span>\n\t\t\t\t\t\t\t\t\t\t\t\t<a class=\"elementor-accordion-title\" tabindex=\"0\">Puis-je changer ma date de paiement ?<\/a>\n\t\t\t\t\t<\/div>\n\t\t\t\t\t<div id=\"elementor-tab-content-1252\" class=\"elementor-tab-content elementor-clearfix\" data-tab=\"2\" role=\"region\" aria-labelledby=\"elementor-tab-title-1252\"><p>Vous pouvez modifier la date d&rsquo;\u00e9ch\u00e9ance de votre paiement apr\u00e8s que votre premier paiement a \u00e9t\u00e9 effectu\u00e9, tant que votre compte est \u00e0 jour. Nous exigeons un pr\u00e9avis d&rsquo;au moins quatre jours ouvrables avant la date d&rsquo;\u00e9ch\u00e9ance de votre paiement initial. Pour demander un changement de date de paiement, veuillez vous connecter \u00e0 \u00ab\u00a0Mon compte\u00a0\u00bb ci-dessus et s\u00e9lectionnez \u00ab\u00a0Demander un changement de date d&rsquo;\u00e9ch\u00e9ance\u00a0\u00bb. Vous pouvez \u00e9galement contacter notre service client au 1-844-734-3577 et nous serons plus qu&rsquo;heureux de vous aider.<\/p>\n<\/div>\n\t\t\t\t<\/div>\n\t\t\t\t\t\t\t<div class=\"elementor-accordion-item\">\n\t\t\t\t\t<div id=\"elementor-tab-title-1253\" class=\"elementor-tab-title\" data-tab=\"3\" role=\"button\" aria-controls=\"elementor-tab-content-1253\" aria-expanded=\"false\">\n\t\t\t\t\t\t\t\t\t\t\t\t\t<span class=\"elementor-accordion-icon elementor-accordion-icon-left\" aria-hidden=\"true\">\n\t\t\t\t\t\t\t\t\t\t\t\t\t\t\t<span class=\"elementor-accordion-icon-closed\"><i class=\"fas fa-plus\"><\/i><\/span>\n\t\t\t\t\t\t\t\t<span class=\"elementor-accordion-icon-opened\"><i class=\"fas fa-minus\"><\/i><\/span>\n\t\t\t\t\t\t\t\t\t\t\t\t\t\t<\/span>\n\t\t\t\t\t\t\t\t\t\t\t\t<a class=\"elementor-accordion-title\" tabindex=\"0\">Puis-je modifier ma fr\u00e9quence de paiement ?<\/a>\n\t\t\t\t\t<\/div>\n\t\t\t\t\t<div id=\"elementor-tab-content-1253\" class=\"elementor-tab-content elementor-clearfix\" data-tab=\"3\" role=\"region\" aria-labelledby=\"elementor-tab-title-1253\"><p>Oui, vous pouvez modifier votre fr\u00e9quence de paiement jusqu&rsquo;\u00e0 3 fois pendant la dur\u00e9e de votre contrat. Des frais s&rsquo;appliquent comme indiqu\u00e9 dans votre accord avec nous. Pour demander un changement de fr\u00e9quence de paiement, connectez-vous \u00e0 \u00ab\u00a0Mon compte\u00a0\u00bb ci-dessus et s\u00e9lectionnez \u00ab\u00a0Demander un changement de date d&rsquo;\u00e9ch\u00e9ance\u00a0\u00bb. Vous pouvez \u00e9galement contacter notre service client au 1-844-734-3577 et nous serons plus qu&rsquo;heureux de vous aider.<\/p>\n<\/div>\n\t\t\t\t<\/div>\n\t\t\t\t\t\t\t<div class=\"elementor-accordion-item\">\n\t\t\t\t\t<div id=\"elementor-tab-title-1254\" class=\"elementor-tab-title\" data-tab=\"4\" role=\"button\" aria-controls=\"elementor-tab-content-1254\" aria-expanded=\"false\">\n\t\t\t\t\t\t\t\t\t\t\t\t\t<span class=\"elementor-accordion-icon elementor-accordion-icon-left\" aria-hidden=\"true\">\n\t\t\t\t\t\t\t\t\t\t\t\t\t\t\t<span class=\"elementor-accordion-icon-closed\"><i class=\"fas fa-plus\"><\/i><\/span>\n\t\t\t\t\t\t\t\t<span class=\"elementor-accordion-icon-opened\"><i class=\"fas fa-minus\"><\/i><\/span>\n\t\t\t\t\t\t\t\t\t\t\t\t\t\t<\/span>\n\t\t\t\t\t\t\t\t\t\t\t\t<a class=\"elementor-accordion-title\" tabindex=\"0\">Puis-je effectuer des versements suppl\u00e9mentaires sur mon pr\u00eat ?<\/a>\n\t\t\t\t\t<\/div>\n\t\t\t\t\t<div id=\"elementor-tab-content-1254\" class=\"elementor-tab-content elementor-clearfix\" data-tab=\"4\" role=\"region\" aria-labelledby=\"elementor-tab-title-1254\"><p>Absolument! Prefera ne facture pas de frais ni de p\u00e9nalit\u00e9s pour les paiements suppl\u00e9mentaires. Tout paiement en plus de vos paiements r\u00e9guliers sera appliqu\u00e9 aux frais impay\u00e9s d&rsquo;abord, puis au capital. Contactez-nous au 1-844-734-3577 pour organiser.<\/p>\n<\/div>\n\t\t\t\t<\/div>\n\t\t\t\t\t\t\t<div class=\"elementor-accordion-item\">\n\t\t\t\t\t<div id=\"elementor-tab-title-1255\" class=\"elementor-tab-title\" data-tab=\"5\" role=\"button\" aria-controls=\"elementor-tab-content-1255\" aria-expanded=\"false\">\n\t\t\t\t\t\t\t\t\t\t\t\t\t<span class=\"elementor-accordion-icon elementor-accordion-icon-left\" aria-hidden=\"true\">\n\t\t\t\t\t\t\t\t\t\t\t\t\t\t\t<span class=\"elementor-accordion-icon-closed\"><i class=\"fas fa-plus\"><\/i><\/span>\n\t\t\t\t\t\t\t\t<span class=\"elementor-accordion-icon-opened\"><i class=\"fas fa-minus\"><\/i><\/span>\n\t\t\t\t\t\t\t\t\t\t\t\t\t\t<\/span>\n\t\t\t\t\t\t\t\t\t\t\t\t<a class=\"elementor-accordion-title\" tabindex=\"0\">Puis-je rembourser mon pr\u00eat avant la fin du terme ?<\/a>\n\t\t\t\t\t<\/div>\n\t\t\t\t\t<div id=\"elementor-tab-content-1255\" class=\"elementor-tab-content elementor-clearfix\" data-tab=\"5\" role=\"region\" aria-labelledby=\"elementor-tab-title-1255\"><p>Oui, vous pouvez rembourser votre pr\u00eat avant la fin du terme, tel qu&rsquo;indiqu\u00e9 sur votre contrat, sans p\u00e9nalit\u00e9 ni frais. Vous pouvez obtenir le montant de votre remboursement en vous connectant \u00e0 \u00ab Mon compte \u00bb ci-dessus et en s\u00e9lectionnant \u00ab Demander le remboursement du pr\u00eat \u00bb. Vous pouvez \u00e9galement contacter notre service client au 1-844-734-3577 et nous serons plus qu&rsquo;heureux de vous aider.<\/p>\n<\/div>\n\t\t\t\t<\/div>\n\t\t\t\t\t\t\t<div class=\"elementor-accordion-item\">\n\t\t\t\t\t<div id=\"elementor-tab-title-1256\" class=\"elementor-tab-title\" data-tab=\"6\" role=\"button\" aria-controls=\"elementor-tab-content-1256\" aria-expanded=\"false\">\n\t\t\t\t\t\t\t\t\t\t\t\t\t<span class=\"elementor-accordion-icon elementor-accordion-icon-left\" aria-hidden=\"true\">\n\t\t\t\t\t\t\t\t\t\t\t\t\t\t\t<span class=\"elementor-accordion-icon-closed\"><i class=\"fas fa-plus\"><\/i><\/span>\n\t\t\t\t\t\t\t\t<span class=\"elementor-accordion-icon-opened\"><i class=\"fas fa-minus\"><\/i><\/span>\n\t\t\t\t\t\t\t\t\t\t\t\t\t\t<\/span>\n\t\t\t\t\t\t\t\t\t\t\t\t<a class=\"elementor-accordion-title\" tabindex=\"0\">Pouvez-vous me fournir un tableau d'amortissement de mon pr\u00eat ?<\/a>\n\t\t\t\t\t<\/div>\n\t\t\t\t\t<div id=\"elementor-tab-content-1256\" class=\"elementor-tab-content elementor-clearfix\" data-tab=\"6\" role=\"region\" aria-labelledby=\"elementor-tab-title-1256\"><p>Oui \u2013 vous pouvez vous connecter \u00e0 \u00ab Mon compte \u00bb ci-dessus et s\u00e9lectionner \u00ab Demander l&rsquo;historique des pr\u00eats \u00bb. Vous pouvez \u00e9galement contacter notre service client au 1-844-734-3577 et nous serons plus qu&rsquo;heureux de vous aider.<\/p>\n<\/div>\n\t\t\t\t<\/div>\n\t\t\t\t\t\t\t<div class=\"elementor-accordion-item\">\n\t\t\t\t\t<div id=\"elementor-tab-title-1257\" class=\"elementor-tab-title\" data-tab=\"7\" role=\"button\" aria-controls=\"elementor-tab-content-1257\" aria-expanded=\"false\">\n\t\t\t\t\t\t\t\t\t\t\t\t\t<span class=\"elementor-accordion-icon elementor-accordion-icon-left\" aria-hidden=\"true\">\n\t\t\t\t\t\t\t\t\t\t\t\t\t\t\t<span class=\"elementor-accordion-icon-closed\"><i class=\"fas fa-plus\"><\/i><\/span>\n\t\t\t\t\t\t\t\t<span class=\"elementor-accordion-icon-opened\"><i class=\"fas fa-minus\"><\/i><\/span>\n\t\t\t\t\t\t\t\t\t\t\t\t\t\t<\/span>\n\t\t\t\t\t\t\t\t\t\t\t\t<a class=\"elementor-accordion-title\" tabindex=\"0\">Y a-t-il un d\u00e9lai de gr\u00e2ce pour les retards de paiement ?<\/a>\n\t\t\t\t\t<\/div>\n\t\t\t\t\t<div id=\"elementor-tab-content-1257\" class=\"elementor-tab-content elementor-clearfix\" data-tab=\"7\" role=\"region\" aria-labelledby=\"elementor-tab-title-1257\"><p>Les paiements doivent \u00eatre effectu\u00e9s \u00e0 la date d&rsquo;\u00e9ch\u00e9ance indiqu\u00e9e dans votre contrat. Des frais d&rsquo;int\u00e9r\u00eat s&rsquo;accumuleront sur le montant en retard et seront appliqu\u00e9s \u00e0 votre compte chaque jour, ce qui augmente le montant total que vous payez.<\/p>\n<\/div>\n\t\t\t\t<\/div>\n\t\t\t\t\t\t\t<div class=\"elementor-accordion-item\">\n\t\t\t\t\t<div id=\"elementor-tab-title-1258\" class=\"elementor-tab-title\" data-tab=\"8\" role=\"button\" aria-controls=\"elementor-tab-content-1258\" aria-expanded=\"false\">\n\t\t\t\t\t\t\t\t\t\t\t\t\t<span class=\"elementor-accordion-icon elementor-accordion-icon-left\" aria-hidden=\"true\">\n\t\t\t\t\t\t\t\t\t\t\t\t\t\t\t<span class=\"elementor-accordion-icon-closed\"><i class=\"fas fa-plus\"><\/i><\/span>\n\t\t\t\t\t\t\t\t<span class=\"elementor-accordion-icon-opened\"><i class=\"fas fa-minus\"><\/i><\/span>\n\t\t\t\t\t\t\t\t\t\t\t\t\t\t<\/span>\n\t\t\t\t\t\t\t\t\t\t\t\t<a class=\"elementor-accordion-title\" tabindex=\"0\">Puis-je retarder un paiement ?<\/a>\n\t\t\t\t\t<\/div>\n\t\t\t\t\t<div id=\"elementor-tab-content-1258\" class=\"elementor-tab-content elementor-clearfix\" data-tab=\"8\" role=\"region\" aria-labelledby=\"elementor-tab-title-1258\"><p>Oui, vous pouvez retarder un paiement, mais le paiement est toujours d\u00fb et les int\u00e9r\u00eats continueront de courir jusqu&rsquo;\u00e0 ce qu&rsquo;ils soient pay\u00e9s. Des frais s&rsquo;appliquent \u00e9galement, comme indiqu\u00e9 dans votre accord avec nous, mais les frais sont inf\u00e9rieurs aux frais sans provision et n&rsquo;affecteront pas le rendement de votre pr\u00eat de la m\u00eame mani\u00e8re qu&rsquo;un paiement retourn\u00e9. Veuillez nous contacter si vous souhaitez retarder un paiement. Cela doit \u00eatre fait au moins 2 jours ouvrables avant votre paiement r\u00e9gulier.<\/p>\n<\/div>\n\t\t\t\t<\/div>\n\t\t\t\t\t\t\t<div class=\"elementor-accordion-item\">\n\t\t\t\t\t<div id=\"elementor-tab-title-1259\" class=\"elementor-tab-title\" data-tab=\"9\" role=\"button\" aria-controls=\"elementor-tab-content-1259\" aria-expanded=\"false\">\n\t\t\t\t\t\t\t\t\t\t\t\t\t<span class=\"elementor-accordion-icon elementor-accordion-icon-left\" aria-hidden=\"true\">\n\t\t\t\t\t\t\t\t\t\t\t\t\t\t\t<span class=\"elementor-accordion-icon-closed\"><i class=\"fas fa-plus\"><\/i><\/span>\n\t\t\t\t\t\t\t\t<span class=\"elementor-accordion-icon-opened\"><i class=\"fas fa-minus\"><\/i><\/span>\n\t\t\t\t\t\t\t\t\t\t\t\t\t\t<\/span>\n\t\t\t\t\t\t\t\t\t\t\t\t<a class=\"elementor-accordion-title\" tabindex=\"0\">J'ai mis \u00e0 jour mes informations. Comment puis-je vous informer?<\/a>\n\t\t\t\t\t<\/div>\n\t\t\t\t\t<div id=\"elementor-tab-content-1259\" class=\"elementor-tab-content elementor-clearfix\" data-tab=\"9\" role=\"region\" aria-labelledby=\"elementor-tab-title-1259\"><p style=\"font-weight: 400;\">Veuillez nous informer si votre adresse, votre num\u00e9ro de t\u00e9l\u00e9phone, votre adresse e-mail, vos coordonn\u00e9es bancaires, d&rsquo;assurance ou d&#8217;emploi ont chang\u00e9 afin que nous puissions mettre \u00e0 jour vos fichiers. Vous pouvez mettre \u00e0 jour vos informations de contact en vous connectant \u00e0 \u00ab Mon compte \u00bb ci-dessus et en s\u00e9lectionnant \u00ab \u00bb Mettre \u00e0 jour les informations de contact \u00bb. Remplissez le formulaire en ligne appropri\u00e9 ou contactez-nous au 1-844-734-3577 pour organiser. Vous pouvez \u00e9galement contacter notre service client au 1-844-734-3577 et nous serons plus qu&rsquo;heureux de vous aider.<\/p>\n<p style=\"font-weight: 400;\">\n<\/div>\n\t\t\t\t<\/div>\n\t\t\t\t\t\t\t<div class=\"elementor-accordion-item\">\n\t\t\t\t\t<div id=\"elementor-tab-title-12510\" class=\"elementor-tab-title\" data-tab=\"10\" role=\"button\" aria-controls=\"elementor-tab-content-12510\" aria-expanded=\"false\">\n\t\t\t\t\t\t\t\t\t\t\t\t\t<span class=\"elementor-accordion-icon elementor-accordion-icon-left\" aria-hidden=\"true\">\n\t\t\t\t\t\t\t\t\t\t\t\t\t\t\t<span class=\"elementor-accordion-icon-closed\"><i class=\"fas fa-plus\"><\/i><\/span>\n\t\t\t\t\t\t\t\t<span class=\"elementor-accordion-icon-opened\"><i class=\"fas fa-minus\"><\/i><\/span>\n\t\t\t\t\t\t\t\t\t\t\t\t\t\t<\/span>\n\t\t\t\t\t\t\t\t\t\t\t\t<a class=\"elementor-accordion-title\" tabindex=\"0\">Je change de compte bancaire. Comment puis-je m'assurer que les paiements de mon pr\u00eat Prefera proviennent de mon nouveau compte\u00a0?<\/a>\n\t\t\t\t\t<\/div>\n\t\t\t\t\t<div id=\"elementor-tab-content-12510\" class=\"elementor-tab-content elementor-clearfix\" data-tab=\"10\" role=\"region\" aria-labelledby=\"elementor-tab-title-12510\"><p>Pour mettre \u00e0 jour vos informations bancaires, veuillez nous envoyer un formulaire de d\u00e9bit pr\u00e9autoris\u00e9 rempli (disponible aupr\u00e8s de votre institution financi\u00e8re) ou un ch\u00e8que personnalis\u00e9 avec vos nouvelles informations bancaires. Pour ce faire, connectez-vous \u00e0 \u00ab Mon compte \u00bb ci-dessus et s\u00e9lectionnez \u00ab Mettre \u00e0 jour les informations bancaires \u00bb. Vous pouvez \u00e9galement contacter notre service client au 1-844-734-3577 et nous serons plus qu&rsquo;heureux de vous aider. Veuillez noter que nous avons besoin d&rsquo;au moins quatre jours ouvrables avant votre prochaine date de paiement pour le traitement.<\/p>\n<\/div>\n\t\t\t\t<\/div>\n\t\t\t\t\t\t\t<div class=\"elementor-accordion-item\">\n\t\t\t\t\t<div id=\"elementor-tab-title-12511\" class=\"elementor-tab-title\" data-tab=\"11\" role=\"button\" aria-controls=\"elementor-tab-content-12511\" aria-expanded=\"false\">\n\t\t\t\t\t\t\t\t\t\t\t\t\t<span class=\"elementor-accordion-icon elementor-accordion-icon-left\" aria-hidden=\"true\">\n\t\t\t\t\t\t\t\t\t\t\t\t\t\t\t<span class=\"elementor-accordion-icon-closed\"><i class=\"fas fa-plus\"><\/i><\/span>\n\t\t\t\t\t\t\t\t<span class=\"elementor-accordion-icon-opened\"><i class=\"fas fa-minus\"><\/i><\/span>\n\t\t\t\t\t\t\t\t\t\t\t\t\t\t<\/span>\n\t\t\t\t\t\t\t\t\t\t\t\t<a class=\"elementor-accordion-title\" tabindex=\"0\">J'ai chang\u00e9 d'assurance, dois-je avertir Prefera ?<\/a>\n\t\t\t\t\t<\/div>\n\t\t\t\t\t<div id=\"elementor-tab-content-12511\" class=\"elementor-tab-content elementor-clearfix\" data-tab=\"11\" role=\"region\" aria-labelledby=\"elementor-tab-title-12511\"><p>Oui, toute modification apport\u00e9e \u00e0 votre assurance peut avoir une incidence sur les modalit\u00e9s de votre pr\u00eat. Vous devez toujours souscrire une assurance tous risques et collision sur votre v\u00e9hicule, Prefera \u00e9tant indiqu\u00e9 comme titulaire du privil\u00e8ge. Tout autre contrat d&rsquo;assurance que celui-ci pourrait mettre votre contrat en d\u00e9faut. Pour mettre \u00e0 jour vos informations d&rsquo;assurance, veuillez nous envoyer un e-mail \u00e0 <a href=\"mailto:info@preferafinance.com\" target=\"_blank\" rel=\"noopener\">info@preferafinance.com<\/a> et nous vous contacterons dans un d\u00e9lai d&rsquo;un jour ouvrable pour confirmer que le changement a \u00e9t\u00e9 effectu\u00e9.<\/p>\n<\/div>\n\t\t\t\t<\/div>\n\t\t\t\t\t\t\t\t<\/div>\n\t\t\t\t\t\t<\/div>\n\t\t\t\t<\/div>\n\t\t\t\t\t<\/div>\n\t\t<\/div>\n\t\t\t\t\t<\/div>\n\t\t<\/section>\n\t\t\t\t<\/div>\n\t\t","protected":false},"excerpt":{"rendered":"<p>Comment effectuer un paiement ? Il existe de nombreuses fa\u00e7ons de rembourser un pr\u00eat. Certains n\u00e9cessitent un processus de configuration simple. Appelez-nous simplement au 1-844-734-3577 option 1 ou utilisez les options libre-service sous \u00ab Mon compte \u00bb et nous serons heureux de mettre en place un mode de paiement qui vous convient. D\u00e9bit pr\u00e9autoris\u00e9 (DPA) [&hellip;]<\/p>\n","protected":false},"author":1,"featured_media":0,"parent":0,"menu_order":0,"comment_status":"closed","ping_status":"closed","template":"","meta":{"footnotes":""},"class_list":["post-1651","page","type-page","status-publish","hentry"],"_links":{"self":[{"href":"https:\/\/preferafinance.com\/fr\/wp-json\/wp\/v2\/pages\/1651","targetHints":{"allow":["GET"]}}],"collection":[{"href":"https:\/\/preferafinance.com\/fr\/wp-json\/wp\/v2\/pages"}],"about":[{"href":"https:\/\/preferafinance.com\/fr\/wp-json\/wp\/v2\/types\/page"}],"author":[{"embeddable":true,"href":"https:\/\/preferafinance.com\/fr\/wp-json\/wp\/v2\/users\/1"}],"replies":[{"embeddable":true,"href":"https:\/\/preferafinance.com\/fr\/wp-json\/wp\/v2\/comments?post=1651"}],"version-history":[{"count":6,"href":"https:\/\/preferafinance.com\/fr\/wp-json\/wp\/v2\/pages\/1651\/revisions"}],"predecessor-version":[{"id":2040,"href":"https:\/\/preferafinance.com\/fr\/wp-json\/wp\/v2\/pages\/1651\/revisions\/2040"}],"wp:attachment":[{"href":"https:\/\/preferafinance.com\/fr\/wp-json\/wp\/v2\/media?parent=1651"}],"curies":[{"name":"wp","href":"https:\/\/api.w.org\/{rel}","templated":true}]}}