{"id":1605,"date":"2021-08-17T17:34:23","date_gmt":"2021-08-17T17:34:23","guid":{"rendered":"https:\/\/motorcycle.rocks\/modifier-ma-date-de-paiement\/"},"modified":"2021-08-18T19:46:58","modified_gmt":"2021-08-18T19:46:58","slug":"modifier-ma-date-de-paiement","status":"publish","type":"page","link":"https:\/\/preferafinance.com\/fr\/modifier-ma-date-de-paiement\/","title":{"rendered":"Modifier ma date de paiement"},"content":{"rendered":"\t\t<div data-elementor-type=\"wp-page\" data-elementor-id=\"1605\" class=\"elementor elementor-1605 elementor-481\" data-elementor-post-type=\"page\">\n\t\t\t\t\t\t<section class=\"elementor-section elementor-top-section elementor-element elementor-element-177a2be2 elementor-section-boxed elementor-section-height-default elementor-section-height-default\" data-id=\"177a2be2\" data-element_type=\"section\" data-e-type=\"section\" data-settings=\"{&quot;jet_parallax_layout_list&quot;:[{&quot;jet_parallax_layout_image&quot;:{&quot;url&quot;:&quot;&quot;,&quot;id&quot;:&quot;&quot;,&quot;size&quot;:&quot;&quot;},&quot;_id&quot;:&quot;5275796&quot;,&quot;jet_parallax_layout_image_tablet&quot;:{&quot;url&quot;:&quot;&quot;,&quot;id&quot;:&quot;&quot;,&quot;size&quot;:&quot;&quot;},&quot;jet_parallax_layout_image_mobile&quot;:{&quot;url&quot;:&quot;&quot;,&quot;id&quot;:&quot;&quot;,&quot;size&quot;:&quot;&quot;},&quot;jet_parallax_layout_speed&quot;:{&quot;unit&quot;:&quot;%&quot;,&quot;size&quot;:50,&quot;sizes&quot;:[]},&quot;jet_parallax_layout_type&quot;:&quot;scroll&quot;,&quot;jet_parallax_layout_direction&quot;:&quot;1&quot;,&quot;jet_parallax_layout_fx_direction&quot;:null,&quot;jet_parallax_layout_z_index&quot;:&quot;&quot;,&quot;jet_parallax_layout_bg_x&quot;:50,&quot;jet_parallax_layout_bg_x_tablet&quot;:&quot;&quot;,&quot;jet_parallax_layout_bg_x_mobile&quot;:&quot;&quot;,&quot;jet_parallax_layout_bg_y&quot;:50,&quot;jet_parallax_layout_bg_y_tablet&quot;:&quot;&quot;,&quot;jet_parallax_layout_bg_y_mobile&quot;:&quot;&quot;,&quot;jet_parallax_layout_bg_size&quot;:&quot;auto&quot;,&quot;jet_parallax_layout_bg_size_tablet&quot;:&quot;&quot;,&quot;jet_parallax_layout_bg_size_mobile&quot;:&quot;&quot;,&quot;jet_parallax_layout_animation_prop&quot;:&quot;transform&quot;,&quot;jet_parallax_layout_on&quot;:[&quot;desktop&quot;,&quot;tablet&quot;]}]}\">\n\t\t\t\t\t\t<div class=\"elementor-container elementor-column-gap-default\">\n\t\t\t\t\t<div class=\"elementor-column elementor-col-100 elementor-top-column elementor-element elementor-element-4060dcdf\" data-id=\"4060dcdf\" data-element_type=\"column\" data-e-type=\"column\">\n\t\t\t<div class=\"elementor-widget-wrap elementor-element-populated\">\n\t\t\t\t\t\t<div class=\"elementor-element elementor-element-61a0ed28 elementor-widget elementor-widget-text-editor\" data-id=\"61a0ed28\" data-element_type=\"widget\" data-e-type=\"widget\" data-widget_type=\"text-editor.default\">\n\t\t\t\t<div class=\"elementor-widget-container\">\n\t\t\t\t\t\t\t\t\t<h1>Modifier ma date de paiement<\/h1>\n<p>Prefera vous permet de modifier d\u00e9finitivement la date d&rsquo;\u00e9ch\u00e9ance de votre paiement apr\u00e8s que votre premier paiement a \u00e9t\u00e9 effectu\u00e9, tant que votre compte est \u00e0 jour. Nous exigeons un pr\u00e9avis d&rsquo;au moins quatre jours ouvrables avant la date d&rsquo;\u00e9ch\u00e9ance de votre paiement initial afin de proc\u00e9der au traitement. Veuillez noter que des frais d&rsquo;administration vous seront factur\u00e9s, comme indiqu\u00e9 dans votre accord avec nous.<\/p>\n<p>Prefera vous permet \u00e9galement de modifier votre fr\u00e9quence de paiement apr\u00e8s votre premier paiement, tant que votre compte est \u00e0 jour, trois fois maximum. Nous exigeons un pr\u00e9avis d&rsquo;au moins quatre jours ouvrables avant la date d&rsquo;\u00e9ch\u00e9ance de votre paiement initial afin de proc\u00e9der au traitement. Veuillez noter que des frais d&rsquo;administration vous seront factur\u00e9s, comme indiqu\u00e9 dans votre accord avec nous.<\/p>\n<p>Si vous souhaitez demander un changement permanent de votre date de paiement, remplissez simplement le formulaire ci-dessous et nous vous contacterons dans un d\u00e9lai d&rsquo;un jour ouvrable pour confirmer que le changement a \u00e9t\u00e9 effectu\u00e9. Ou, vous pouvez toujours nous joindre par t\u00e9l\u00e9phone au\u00a01-844-734-3577\u00a0et nous serons plus qu&rsquo;heureux d&rsquo;effectuer le changement pour vous sur-le-champ.<\/p>\n<p>Si vous souhaitez modifier temporairement votre date de paiement, veuillez nous contacter par t\u00e9l\u00e9phone.<\/p>\n<p><script type=\"text\/javascript\" src=\"https:\/\/form.jotform.com\/jsform\/211166321295046\"><\/script><\/p>\n\t\t\t\t\t\t\t\t<\/div>\n\t\t\t\t<\/div>\n\t\t\t\t\t<\/div>\n\t\t<\/div>\n\t\t\t\t\t<\/div>\n\t\t<\/section>\n\t\t\t\t<\/div>\n\t\t","protected":false},"excerpt":{"rendered":"<p>Modifier ma date de paiement Prefera vous permet de modifier d\u00e9finitivement la date d&rsquo;\u00e9ch\u00e9ance de votre paiement apr\u00e8s que votre premier paiement a \u00e9t\u00e9 effectu\u00e9, tant que votre compte est \u00e0 jour. Nous exigeons un pr\u00e9avis d&rsquo;au moins quatre jours ouvrables avant la date d&rsquo;\u00e9ch\u00e9ance de votre paiement initial afin de proc\u00e9der au traitement. Veuillez [&hellip;]<\/p>\n","protected":false},"author":1,"featured_media":0,"parent":0,"menu_order":0,"comment_status":"closed","ping_status":"closed","template":"page-templates\/fullwidth-content.php","meta":{"footnotes":""},"class_list":["post-1605","page","type-page","status-publish","hentry"],"_links":{"self":[{"href":"https:\/\/preferafinance.com\/fr\/wp-json\/wp\/v2\/pages\/1605","targetHints":{"allow":["GET"]}}],"collection":[{"href":"https:\/\/preferafinance.com\/fr\/wp-json\/wp\/v2\/pages"}],"about":[{"href":"https:\/\/preferafinance.com\/fr\/wp-json\/wp\/v2\/types\/page"}],"author":[{"embeddable":true,"href":"https:\/\/preferafinance.com\/fr\/wp-json\/wp\/v2\/users\/1"}],"replies":[{"embeddable":true,"href":"https:\/\/preferafinance.com\/fr\/wp-json\/wp\/v2\/comments?post=1605"}],"version-history":[{"count":3,"href":"https:\/\/preferafinance.com\/fr\/wp-json\/wp\/v2\/pages\/1605\/revisions"}],"predecessor-version":[{"id":1636,"href":"https:\/\/preferafinance.com\/fr\/wp-json\/wp\/v2\/pages\/1605\/revisions\/1636"}],"wp:attachment":[{"href":"https:\/\/preferafinance.com\/fr\/wp-json\/wp\/v2\/media?parent=1605"}],"curies":[{"name":"wp","href":"https:\/\/api.w.org\/{rel}","templated":true}]}}