{"id":1518,"date":"2021-08-15T15:44:21","date_gmt":"2021-08-15T15:44:21","guid":{"rendered":"https:\/\/motorcycle.rocks\/ssdfsdfdsf\/"},"modified":"2021-08-28T00:43:59","modified_gmt":"2021-08-28T00:43:59","slug":"a-propos-de-nous","status":"publish","type":"page","link":"https:\/\/preferafinance.com\/fr\/a-propos-de-nous\/","title":{"rendered":"\u00c0 Propos De Nous"},"content":{"rendered":"\t\t<div data-elementor-type=\"wp-page\" data-elementor-id=\"1518\" class=\"elementor elementor-1518 elementor-1335\" data-elementor-post-type=\"page\">\n\t\t\t\t\t\t<section class=\"elementor-section elementor-top-section elementor-element elementor-element-ec949d8 elementor-section-boxed elementor-section-height-default elementor-section-height-default\" data-id=\"ec949d8\" data-element_type=\"section\" data-e-type=\"section\" data-settings=\"{&quot;jet_parallax_layout_list&quot;:[{&quot;jet_parallax_layout_image&quot;:{&quot;url&quot;:&quot;&quot;,&quot;id&quot;:&quot;&quot;,&quot;size&quot;:&quot;&quot;},&quot;_id&quot;:&quot;1f78996&quot;,&quot;jet_parallax_layout_image_tablet&quot;:{&quot;url&quot;:&quot;&quot;,&quot;id&quot;:&quot;&quot;,&quot;size&quot;:&quot;&quot;},&quot;jet_parallax_layout_image_mobile&quot;:{&quot;url&quot;:&quot;&quot;,&quot;id&quot;:&quot;&quot;,&quot;size&quot;:&quot;&quot;},&quot;jet_parallax_layout_speed&quot;:{&quot;unit&quot;:&quot;%&quot;,&quot;size&quot;:50,&quot;sizes&quot;:[]},&quot;jet_parallax_layout_type&quot;:&quot;scroll&quot;,&quot;jet_parallax_layout_direction&quot;:&quot;1&quot;,&quot;jet_parallax_layout_fx_direction&quot;:null,&quot;jet_parallax_layout_z_index&quot;:&quot;&quot;,&quot;jet_parallax_layout_bg_x&quot;:50,&quot;jet_parallax_layout_bg_x_tablet&quot;:&quot;&quot;,&quot;jet_parallax_layout_bg_x_mobile&quot;:&quot;&quot;,&quot;jet_parallax_layout_bg_y&quot;:50,&quot;jet_parallax_layout_bg_y_tablet&quot;:&quot;&quot;,&quot;jet_parallax_layout_bg_y_mobile&quot;:&quot;&quot;,&quot;jet_parallax_layout_bg_size&quot;:&quot;auto&quot;,&quot;jet_parallax_layout_bg_size_tablet&quot;:&quot;&quot;,&quot;jet_parallax_layout_bg_size_mobile&quot;:&quot;&quot;,&quot;jet_parallax_layout_animation_prop&quot;:&quot;transform&quot;,&quot;jet_parallax_layout_on&quot;:[&quot;desktop&quot;,&quot;tablet&quot;]}]}\">\n\t\t\t\t\t\t<div class=\"elementor-container elementor-column-gap-default\">\n\t\t\t\t\t<div class=\"elementor-column elementor-col-100 elementor-top-column elementor-element elementor-element-97c620c\" data-id=\"97c620c\" data-element_type=\"column\" data-e-type=\"column\">\n\t\t\t<div class=\"elementor-widget-wrap elementor-element-populated\">\n\t\t\t\t\t\t<div class=\"elementor-element elementor-element-a8648c4 elementor-position-inline-start elementor-view-default elementor-mobile-position-block-start elementor-widget elementor-widget-icon-box\" data-id=\"a8648c4\" data-element_type=\"widget\" data-e-type=\"widget\" data-widget_type=\"icon-box.default\">\n\t\t\t\t<div class=\"elementor-widget-container\">\n\t\t\t\t\t\t\t<div class=\"elementor-icon-box-wrapper\">\n\n\t\t\t\t\t\t<div class=\"elementor-icon-box-icon\">\n\t\t\t\t<span  class=\"elementor-icon\">\n\t\t\t\t<i aria-hidden=\"true\" class=\"fas fa-question-circle\"><\/i>\t\t\t\t<\/span>\n\t\t\t<\/div>\n\t\t\t\n\t\t\t\t\t\t<div class=\"elementor-icon-box-content\">\n\n\t\t\t\t\t\t\t\t\t<h3 class=\"elementor-icon-box-title\">\n\t\t\t\t\t\t<span  >\n\t\t\t\t\t\t\t\u00c0 Propos De Nous\t\t\t\t\t\t<\/span>\n\t\t\t\t\t<\/h3>\n\t\t\t\t\n\t\t\t\t\t\t\t\t\t<p class=\"elementor-icon-box-description\">\n\t\t\t\t\t\tPrefera Finance est une soci\u00e9t\u00e9 canadienne de financement nationale qui se sp\u00e9cialise dans la fourniture de solutions financi\u00e8res uniques aux Canadiens. Nous travaillons avec nos partenaires et nos clients pour comprendre leurs besoins et leur apporter des solutions adapt\u00e9es. Ces solutions comprennent la prestation de programmes de financement flexibles, innovants pour les produits r\u00e9cr\u00e9atifs tels que les motos, les bateaux, les remorques, les motoneiges et beaucoup d'autres. Prefera propose \u00e9galement des solutions de point de vente de qualit\u00e9 pour les r\u00e9parations automobiles.\t\t\t\t\t<\/p>\n\t\t\t\t\n\t\t\t<\/div>\n\t\t\t\n\t\t<\/div>\n\t\t\t\t\t\t<\/div>\n\t\t\t\t<\/div>\n\t\t\t\t<div class=\"elementor-element elementor-element-5635929 elementor-position-inline-start elementor-view-default elementor-mobile-position-block-start elementor-widget elementor-widget-icon-box\" data-id=\"5635929\" data-element_type=\"widget\" data-e-type=\"widget\" data-widget_type=\"icon-box.default\">\n\t\t\t\t<div class=\"elementor-widget-container\">\n\t\t\t\t\t\t\t<div class=\"elementor-icon-box-wrapper\">\n\n\t\t\t\t\t\t<div class=\"elementor-icon-box-icon\">\n\t\t\t\t<a href=\"\/fr\/nouvelle-demande-de-pret\/\" class=\"elementor-icon\" tabindex=\"-1\" aria-label=\"Financement R\u00e9cr\u00e9atif\">\n\t\t\t\t<i aria-hidden=\"true\" class=\"nc-icon-outline transportation_boat-small-03\"><\/i>\t\t\t\t<\/a>\n\t\t\t<\/div>\n\t\t\t\n\t\t\t\t\t\t<div class=\"elementor-icon-box-content\">\n\n\t\t\t\t\t\t\t\t\t<h3 class=\"elementor-icon-box-title\">\n\t\t\t\t\t\t<a href=\"\/fr\/nouvelle-demande-de-pret\/\" >\n\t\t\t\t\t\t\tFinancement R\u00e9cr\u00e9atif\t\t\t\t\t\t<\/a>\n\t\t\t\t\t<\/h3>\n\t\t\t\t\n\t\t\t\t\t\t\t\t\t<p class=\"elementor-icon-box-description\">\n\t\t\t\t\t\tVotre temps de loisirs ne doit pas \u00eatre mis en attente car la banque ne vous accordera pas de financement. Prefera est l\u00e0 pour vous aider \u00e0 acqu\u00e9rir les v\u00e9hicules r\u00e9cr\u00e9atifs que vous d\u00e9sirez.\n\nChez Prefera, alors que nous nous sp\u00e9cialisons dans les approbations pour les \u00ab\u00a0bonnes personnes avec un cr\u00e9dit imparfait\u00a0\u00bb, nous proposons des offres comp\u00e9titives pour tout le monde, avec un processus plus simple et des conditions plus flexibles que votre banque. Notre processus de demande est facile, nos approbations de pr\u00eat sont rapides et nos mensualit\u00e9s peu \u00e9lev\u00e9es sont con\u00e7us pour vous aider \u00e0 r\u00e9aliser l'achat de votre v\u00e9hicule r\u00e9cr\u00e9atif de r\u00eave.\n\nChez Prefera, nous proposons des solutions de financement qui vous permettent de commencer \u00e0 faire, au lieu de simplement r\u00eaver.\n\nVous voulez en savoir plus? <a href=\"\/fr\/demander-un-nouveau-pret\/\" style=\"font-weight:bold\">Visitez nos revendeurs partenaires de confiance ou d\u00e9marrez le processus de demande d\u00e8s aujourd'hui en cliquant ci-dessous<\/a>.\t\t\t\t\t<\/p>\n\t\t\t\t\n\t\t\t<\/div>\n\t\t\t\n\t\t<\/div>\n\t\t\t\t\t\t<\/div>\n\t\t\t\t<\/div>\n\t\t\t\t<div class=\"elementor-element elementor-element-38da362 elementor-position-inline-start elementor-view-default elementor-mobile-position-block-start elementor-widget elementor-widget-icon-box\" data-id=\"38da362\" data-element_type=\"widget\" data-e-type=\"widget\" data-widget_type=\"icon-box.default\">\n\t\t\t\t<div class=\"elementor-widget-container\">\n\t\t\t\t\t\t\t<div class=\"elementor-icon-box-wrapper\">\n\n\t\t\t\t\t\t<div class=\"elementor-icon-box-icon\">\n\t\t\t\t<a href=\"\/fr\/financement-de-reparation-automobile\/\" class=\"elementor-icon\" tabindex=\"-1\" aria-label=\"Financement de R\u00e9paration\">\n\t\t\t\t<i aria-hidden=\"true\" class=\"fas fa-car-crash\"><\/i>\t\t\t\t<\/a>\n\t\t\t<\/div>\n\t\t\t\n\t\t\t\t\t\t<div class=\"elementor-icon-box-content\">\n\n\t\t\t\t\t\t\t\t\t<h3 class=\"elementor-icon-box-title\">\n\t\t\t\t\t\t<a href=\"\/fr\/financement-de-reparation-automobile\/\" >\n\t\t\t\t\t\t\tFinancement de R\u00e9paration\t\t\t\t\t\t<\/a>\n\t\t\t\t\t<\/h3>\n\t\t\t\t\n\t\t\t\t\t\t\t\t\t<p class=\"elementor-icon-box-description\">\n\t\t\t\t\t\tVotre voiture est une partie cruciale de votre vie. Vous en avez besoin pour aller au travail, pour emmener vos enfants \u00e0 l'entra\u00eenement de hockey ou pour emmener quelqu'un de sp\u00e9cial pour une soir\u00e9e sp\u00e9ciale. Mais que se passe-t-il lorsque votre v\u00e9hicule n'est pas \u00e0 la hauteur du d\u00e9fi de la vie quotidienne et que les r\u00e9parations requises commencent \u00e0 s'accumuler? Traditionnellement, il n'y avait que deux fa\u00e7ons de payer pour une r\u00e9paration automobile; paiement initial int\u00e9gral ou transaction de carte de cr\u00e9dit. Et si vous n\u2019en aviez pas des milliers d\u2019\u00e9conomies pour une mauvaise journ\u00e9e comme celle-ci? Et si vous avez d\u00e9j\u00e0 utilis\u00e9 la totalit\u00e9 de votre limite de cr\u00e9dit? Ne retardez pas les r\u00e9parations n\u00e9cessaires car cela co\u00fbte trop cher!\n\nPrefera Finance est maintenant en mesure d'offrir une troisi\u00e8me solution, et beaucoup plus \u00e9conomique. Pour un faible co\u00fbt mensuel, Prefera paiera les r\u00e9parations sur votre facture int\u00e9grale, \u00e0 l'avance, afin que vous puissiez payer des paiements mensuels peu \u00e9lev\u00e9s qui correspondent \u00e0 votre budget. Le processus de demande est facile et peut \u00eatre trait\u00e9 et compl\u00e9t\u00e9 en quelques minutes, vous permettant de reprendre la bonne route et de vous concentrer sur ce qui est vraiment important dans la vie.\n\nBesoin de r\u00e9parations maintenant\u00a0? <a href=\"\/fr\/financement-de-reparation-automobile\/\" style=\"font-weight:bold\">Postulez ci-dessous pour d\u00e9marrer le processus<\/a>.\t\t\t\t\t<\/p>\n\t\t\t\t\n\t\t\t<\/div>\n\t\t\t\n\t\t<\/div>\n\t\t\t\t\t\t<\/div>\n\t\t\t\t<\/div>\n\t\t\t\t\t<\/div>\n\t\t<\/div>\n\t\t\t\t\t<\/div>\n\t\t<\/section>\n\t\t\t\t<\/div>\n\t\t","protected":false},"excerpt":{"rendered":"<p>\u00c0 Propos De Nous Prefera Finance est une soci\u00e9t\u00e9 canadienne de financement nationale qui se sp\u00e9cialise dans la fourniture de solutions financi\u00e8res uniques aux Canadiens. Nous travaillons avec nos partenaires et nos clients pour comprendre leurs besoins et leur apporter des solutions adapt\u00e9es. Ces solutions comprennent la prestation de programmes de financement flexibles, innovants pour [&hellip;]<\/p>\n","protected":false},"author":1,"featured_media":0,"parent":0,"menu_order":0,"comment_status":"closed","ping_status":"closed","template":"","meta":{"footnotes":""},"class_list":["post-1518","page","type-page","status-publish","hentry"],"_links":{"self":[{"href":"https:\/\/preferafinance.com\/fr\/wp-json\/wp\/v2\/pages\/1518","targetHints":{"allow":["GET"]}}],"collection":[{"href":"https:\/\/preferafinance.com\/fr\/wp-json\/wp\/v2\/pages"}],"about":[{"href":"https:\/\/preferafinance.com\/fr\/wp-json\/wp\/v2\/types\/page"}],"author":[{"embeddable":true,"href":"https:\/\/preferafinance.com\/fr\/wp-json\/wp\/v2\/users\/1"}],"replies":[{"embeddable":true,"href":"https:\/\/preferafinance.com\/fr\/wp-json\/wp\/v2\/comments?post=1518"}],"version-history":[{"count":39,"href":"https:\/\/preferafinance.com\/fr\/wp-json\/wp\/v2\/pages\/1518\/revisions"}],"predecessor-version":[{"id":2022,"href":"https:\/\/preferafinance.com\/fr\/wp-json\/wp\/v2\/pages\/1518\/revisions\/2022"}],"wp:attachment":[{"href":"https:\/\/preferafinance.com\/fr\/wp-json\/wp\/v2\/media?parent=1518"}],"curies":[{"name":"wp","href":"https:\/\/api.w.org\/{rel}","templated":true}]}}